{"id":53,"date":"2024-05-29T08:12:53","date_gmt":"2024-05-29T11:12:53","guid":{"rendered":"https:\/\/talkiemarketing.com.br\/?page_id=53"},"modified":"2024-05-29T08:12:53","modified_gmt":"2024-05-29T11:12:53","slug":"sobre-a-talkie","status":"publish","type":"page","link":"https:\/\/talkiemarketing.com.br\/blog\/sobre-a-talkie\/","title":{"rendered":"Sobre a Talkie"},"content":{"rendered":"\n<div style=\"height:86px\" aria-hidden=\"true\" class=\"wp-block-spacer\"><\/div>\n\n\n<div class=\"wp-block-image\">\n<figure class=\"aligncenter size-large is-resized\"><img decoding=\"async\" src=\"https:\/\/talkiemarketing.com.br\/wp-content\/uploads\/2024\/06\/banner-talkie.png?w=1024\" alt=\"agencia de marketing digital\" class=\"wp-image-684\" style=\"width:940px;height:auto\" \/><\/figure>\n<\/div>\n\n\n<div style=\"height:36px\" aria-hidden=\"true\" class=\"wp-block-spacer\"><\/div>\n\n\n\n<p class=\"has-roboto-font-family\">Na <strong>Talkie Comunica\u00e7\u00e3o e Marketing<\/strong>, ajudamos pequenas e m\u00e9dias empresas a criar estrat\u00e9gias de marketing eficazes para um crescimento sustent\u00e1vel. Cada neg\u00f3cio \u00e9 \u00fanico, por isso, trabalhamos para entender suas necessidades e metas espec\u00edficas.<\/p>\n\n\n\n<p class=\"has-roboto-font-family\">Nossa equipe de especialistas desenvolve <strong>estrat\u00e9gias personalizadas <\/strong>que atraem e mant\u00eam clientes, garantindo a sa\u00fade do seu neg\u00f3cio a longo prazo. Acreditamos que o <strong>crescimento sustent\u00e1vel<\/strong> \u00e9 a chave para o sucesso duradouro e estamos comprometidos em apoiar voc\u00ea em cada etapa.<\/p>\n\n\n\n<p class=\"has-text-align-left has-roboto-font-family\">Fale com nosso time para uma abordagem de marketing que faz a diferen\u00e7a e <strong>impulsiona seu neg\u00f3cio ao pr\u00f3ximo n\u00edvel.<\/strong><\/p>\n\n\n\n<div style=\"height:100px\" aria-hidden=\"true\" class=\"wp-block-spacer\"><\/div>\n\n\n\n<div class=\"wp-block-columns is-layout-flex wp-container-core-columns-is-layout-9d6595d7 wp-block-columns-is-layout-flex\">\n<div class=\"wp-block-column is-layout-flow wp-block-column-is-layout-flow\">\n<p class=\"has-text-align-center has-montserrat-font-family has-large-font-size\"><strong>Por que escolher a Talkie?<\/strong><\/p>\n<\/div>\n<\/div>\n\n\n\n<div class=\"wp-block-columns is-layout-flex wp-container-core-columns-is-layout-9d6595d7 wp-block-columns-is-layout-flex\">\n<div class=\"wp-block-column is-layout-flow wp-block-column-is-layout-flow\">\n<div style=\"height:48px\" aria-hidden=\"true\" class=\"wp-block-spacer\"><\/div>\n<\/div>\n<\/div>\n\n\n\n<div style=\"height:55px\" aria-hidden=\"true\" class=\"wp-block-spacer\"><\/div>\n\n\n\n<figure class=\"wp-block-image size-large is-resized\"><img decoding=\"async\" src=\"https:\/\/talkiemarketing.com.br\/wp-content\/uploads\/2024\/06\/proximidade-total-com-o-cliente-envolvendo-o-em-todos-os-projetos.png\" alt=\"agencia marketing digital\" class=\"wp-image-682\" style=\"width:1000px;height:auto\" \/><\/figure>\n\n\n\n<div style=\"height:113px\" aria-hidden=\"true\" class=\"wp-block-spacer\"><\/div>\n\n\n\n<div class=\"wp-block-columns is-layout-flex wp-container-core-columns-is-layout-9d6595d7 wp-block-columns-is-layout-flex\">\n<div class=\"wp-block-column is-layout-flow wp-block-column-is-layout-flow\">\n<div class=\"wp-block-jetpack-send-a-message\">\n<div class=\"wp-block-jetpack-whatsapp-button aligncenter is-color-dark\"><a class=\"whatsapp-block__button\" href=\"https:\/\/api.whatsapp.com\/send?phone=5548988562551&amp;text=Oi%2C%20encontrei%20suas%20informa%C3%A7%C3%B5es%20do%20WhatsApp%20no%20seu%20site.\" style=\"background-color:#25D366;color:#fff\" target=\"_self\" rel=\"noopener noreferrer\">Fale com um especialista no Whatsapp<\/a><\/div>\n<\/div>\n<\/div>\n<\/div>\n","protected":false},"excerpt":{"rendered":"<p>Na Talkie Comunica\u00e7\u00e3o e Marketing, ajudamos pequenas e m\u00e9dias empresas a criar estrat\u00e9gias de marketing eficazes para um crescimento sustent\u00e1vel. Cada neg\u00f3cio \u00e9 \u00fanico, por isso, trabalhamos para entender suas necessidades e metas espec\u00edficas. Nossa equipe de especialistas desenvolve estrat\u00e9gias personalizadas que atraem e mant\u00eam clientes, garantindo a sa\u00fade do seu neg\u00f3cio a longo prazo. [&hellip;]<\/p>\n","protected":false},"author":2,"featured_media":0,"parent":0,"menu_order":0,"comment_status":"closed","ping_status":"closed","template":"","meta":{"pagelayer_contact_templates":[],"_pagelayer_content":"","footnotes":""},"class_list":["post-53","page","type-page","status-publish","hentry"],"_links":{"self":[{"href":"https:\/\/talkiemarketing.com.br\/blog\/wp-json\/wp\/v2\/pages\/53","targetHints":{"allow":["GET"]}}],"collection":[{"href":"https:\/\/talkiemarketing.com.br\/blog\/wp-json\/wp\/v2\/pages"}],"about":[{"href":"https:\/\/talkiemarketing.com.br\/blog\/wp-json\/wp\/v2\/types\/page"}],"author":[{"embeddable":true,"href":"https:\/\/talkiemarketing.com.br\/blog\/wp-json\/wp\/v2\/users\/2"}],"replies":[{"embeddable":true,"href":"https:\/\/talkiemarketing.com.br\/blog\/wp-json\/wp\/v2\/comments?post=53"}],"version-history":[{"count":0,"href":"https:\/\/talkiemarketing.com.br\/blog\/wp-json\/wp\/v2\/pages\/53\/revisions"}],"wp:attachment":[{"href":"https:\/\/talkiemarketing.com.br\/blog\/wp-json\/wp\/v2\/media?parent=53"}],"curies":[{"name":"wp","href":"https:\/\/api.w.org\/{rel}","templated":true}]}}