{"id":231,"date":"2024-06-01T11:33:37","date_gmt":"2024-06-01T14:33:37","guid":{"rendered":"https:\/\/talkiemarketing.com.br\/?page_id=231"},"modified":"2024-06-01T11:33:37","modified_gmt":"2024-06-01T14:33:37","slug":"consultoria-em-rd-station-marketing-e-crm","status":"publish","type":"page","link":"https:\/\/talkiemarketing.com.br\/blog\/consultoria-em-rd-station-marketing-e-crm\/","title":{"rendered":"Consultoria em RD Station Marketing e CRM"},"content":{"rendered":"<div class=\"wp-block-image\">\n<figure class=\"aligncenter size-large is-resized\"><img decoding=\"async\" src=\"https:\/\/talkiemarketing.com.br\/wp-content\/uploads\/2024\/06\/banner-rd.png?w=772\" alt=\"consultoria em rd staion\" class=\"wp-image-235\" style=\"width:1173px;height:auto\" \/><\/figure>\n<\/div>\n\n\n<p class=\"has-text-align-center\" style=\"font-size:12px\">(Imagem por <a href=\"https:\/\/www.rdstation.com\/\">RdStation<\/a>)<\/p>\n\n\n\n<h1 class=\"wp-block-heading has-text-align-center has-albert-sans-font-family\" style=\"font-size:35px\"><strong>Procurando por um consultor em RD Station Marketing ou CRM?<\/strong> Voc\u00ea est\u00e1 no lugar certo!<\/h1>\n\n\n\n<div style=\"height:22px\" aria-hidden=\"true\" class=\"wp-block-spacer\"><\/div>\n\n\n\n<div class=\"wp-block-jetpack-send-a-message\">\n<div class=\"wp-block-jetpack-whatsapp-button aligncenter is-color-dark\"><a class=\"whatsapp-block__button\" href=\"https:\/\/api.whatsapp.com\/send?phone=5548988562551&amp;text=Oi%2C%20encontrei%20suas%20informa%C3%A7%C3%B5es%20do%20WhatsApp%20no%20seu%20site.\" style=\"background-color:#25D366;color:#fff\" target=\"_self\" rel=\"noopener noreferrer\">Fale com um especialista agora<\/a><\/div>\n<\/div>\n\n\n\n<div style=\"height:78px\" aria-hidden=\"true\" class=\"wp-block-spacer\"><\/div>\n\n\n\n<div class=\"wp-block-columns is-layout-flex wp-container-core-columns-is-layout-9d6595d7 wp-block-columns-is-layout-flex\">\n<div class=\"wp-block-column is-layout-flow wp-block-column-is-layout-flow\">\n<h2 class=\"wp-block-heading has-custom-cover-overlay-color has-text-color has-link-color has-albert-sans-font-family wp-elements-e7a9078fd0f8dfc6339e967f041215e5\" style=\"font-size:30px\"><strong>Direcione sua aten\u00e7\u00e3o e trabalho para outras demandas e deixa que do RD Station a gente cuida!<\/strong><\/h2>\n<\/div>\n\n\n\n<div class=\"wp-block-column is-vertically-aligned-center is-layout-flow wp-block-column-is-layout-flow\"><div class=\"wp-block-image\">\n<figure class=\"aligncenter size-large is-resized\"><img decoding=\"async\" src=\"https:\/\/talkiemarketing.com.br\/wp-content\/uploads\/2024\/06\/logo_resultados-digitais_0mxtkx.png?w=240\" alt=\"curso rd station crm\" class=\"wp-image-237\" style=\"width:283px;height:auto\" \/><\/figure>\n<\/div><\/div>\n<\/div>\n\n\n\n<p class=\"has-black-color has-text-color has-link-color has-albert-sans-font-family wp-elements-ff8deb7ea9d0694ad1549a48150e4d8f\" style=\"font-size:20px\">Possu\u00edmos<strong> mais de 7 anos de experi\u00eancia com a plataforma<\/strong>, j\u00e1 implementamos mais de 50 projetos de Inbound Marketing utilizando o <strong>RD Station Marketing<\/strong>, assim como a otimiza\u00e7\u00e3o do processo de vendas com o <strong>RD Station Marketing CRM<\/strong>.<\/p>\n\n\n\n<div style=\"height:50px\" aria-hidden=\"true\" class=\"wp-block-spacer\"><\/div>\n\n\n\n<div class=\"wp-block-columns is-layout-flex wp-container-core-columns-is-layout-9d6595d7 wp-block-columns-is-layout-flex\">\n<div class=\"wp-block-column is-layout-flow wp-block-column-is-layout-flow\" style=\"flex-basis:33.33%\">\n<p class=\"has-custom-cover-overlay-color has-text-color has-link-color wp-elements-72b2b7b03414fb48f70bc6f08b76ff51\" style=\"font-size:20px\">A <strong>Talkie Comunica\u00e7\u00e3o e Marketing<\/strong> oferece consultoria especializada em <em><strong>RD Station<\/strong><\/em>, incluindo a cria\u00e7\u00e3o e manuten\u00e7\u00e3o de estrat\u00e9gias de marketing. Nossos servi\u00e7os podem ser contratados de forma recorrente (fee mensal) ou como projetos espec\u00edficos.<\/p>\n<\/div>\n\n\n\n<div class=\"wp-block-column is-layout-flow wp-block-column-is-layout-flow\" style=\"flex-basis:66.66%\"><div class=\"wp-block-image\">\n<figure class=\"alignright size-large\"><img decoding=\"async\" src=\"https:\/\/talkiemarketing.com.br\/wp-content\/uploads\/2024\/06\/rd-station-sistema.gif?w=600\" alt=\"consultoria em RD Station\" class=\"wp-image-246\" \/><figcaption class=\"wp-element-caption\">(Gif por<a href=\"https:\/\/www.rdstation.com\/\"> RdStation<\/a>)<\/figcaption><\/figure>\n<\/div><\/div>\n<\/div>\n\n\n\n<div style=\"height:50px\" aria-hidden=\"true\" class=\"wp-block-spacer\"><\/div>\n\n\n\n<p class=\"has-text-align-center has-black-color has-text-color has-link-color has-albert-sans-font-family wp-elements-a07edf9c4f78d710208b54fa1a46f0dd\" style=\"font-size:25px\">Trabalhamos de maneira totalmente personalizada, abrangendo todas as ferramentas do <strong><em>RD Station<\/em><\/strong> para maximizar suas possibilidades, incluindo:<\/p>\n\n\n\n<div style=\"height:23px\" aria-hidden=\"true\" class=\"wp-block-spacer\"><\/div>\n\n\n\n<ul style=\"font-size:20px\" class=\"wp-block-list has-custom-cover-overlay-color has-text-color has-link-color wp-elements-9f5c2aa0ea5481d9e2d8dcbd16b34eb3\">\n<li style=\"font-size:20px\"><strong>Planejamento e implementa\u00e7\u00e3o da plataforma<\/strong><\/li>\n\n\n\n<li style=\"font-size:20px\"><strong>Integra\u00e7\u00e3o com outras ferramentas<\/strong><\/li>\n\n\n\n<li style=\"font-size:20px\"><strong>Suporte em RD Station CRM<\/strong><\/li>\n\n\n\n<li style=\"font-size:20px\"><strong>Configura\u00e7\u00e3o de relat\u00f3rios<\/strong><\/li>\n\n\n\n<li style=\"font-size:20px\"><strong>Segmenta\u00e7\u00e3o de leads<\/strong><\/li>\n\n\n\n<li style=\"font-size:20px\"><strong>Cria\u00e7\u00e3o de campos personalizados<\/strong>.<\/li>\n\n\n\n<li style=\"font-size:20px\"><strong>Automa\u00e7\u00e3o de marketing:<\/strong><\/li>\n\n\n\n<li style=\"font-size:20px\"><strong>Cria\u00e7\u00e3o de bot\u00f5es WhatsApp e pop-ups:<\/strong><\/li>\n\n\n\n<li style=\"font-size:20px\"><strong>Campanhas de e-mail marketing:<\/strong><\/li>\n\n\n\n<li style=\"font-size:20px\"><strong>Landing pages otimizadas:<\/strong><\/li>\n<\/ul>\n\n\n\n<div style=\"height:50px\" aria-hidden=\"true\" class=\"wp-block-spacer\"><\/div>\n\n\n\n<h4 class=\"wp-block-heading has-text-align-center has-custom-cover-overlay-color has-text-color has-link-color wp-elements-037911599911f0cea9fb3c946a21d2d1\">Oferecemos tamb\u00e9m um curso pr\u00e1tico em RD Station Marketing e CRM<\/h4>\n\n\n\n<div style=\"height:38px\" aria-hidden=\"true\" class=\"wp-block-spacer\"><\/div>\n\n\n<div class=\"wp-block-image\">\n<figure class=\"aligncenter size-large is-resized\"><img decoding=\"async\" src=\"https:\/\/talkiemarketing.com.br\/wp-content\/uploads\/2024\/06\/group-diverse-people-having-business-meeting.jpg?w=1024\" alt=\"Freelancer RD Station Marketing\" class=\"wp-image-248\" style=\"width:634px;height:auto\" \/><\/figure>\n<\/div>\n\n\n<div style=\"height:25px\" aria-hidden=\"true\" class=\"wp-block-spacer\"><\/div>\n\n\n\n<p class=\"has-custom-cover-overlay-color has-text-color has-link-color wp-elements-b8ecc2d2c7f55ee98a97d61156d0f7fa\">Gostaria de aprender a utilizar o RD Station Marketing em sua totalidade para que voc\u00ea mesmo possa realizar os trabalhos com a ferramenta? Ou gostaria de aprender a utilizar o RD Station para prestar servi\u00e7o para outras empresas?&nbsp; <strong>A Talkie oferece um curso completo, particular e ao vivo<\/strong> para voc\u00ea absorver o m\u00e1ximo de conhecimento e aplicar na sua carreira.&nbsp;<\/p>\n\n\n\n<div style=\"height:14px\" aria-hidden=\"true\" class=\"wp-block-spacer\"><\/div>\n\n\n\n<ul style=\"font-size:20px\" class=\"wp-block-list has-custom-cover-overlay-color has-text-color has-link-color wp-elements-08b422a408837e0f54b0bf957d96c4d2\">\n<li style=\"font-style:normal;font-weight:700\">Aulas online ao vivo e totalmente personalizadas para o contexto do aluno.<\/li>\n\n\n\n<li style=\"font-style:normal;font-weight:700\">Aula particular. Voc\u00ea poder\u00e1 tirar todas as suas d\u00favidas de forma focada.&nbsp;<\/li>\n\n\n\n<li style=\"font-style:normal;font-weight:700\">Dura\u00e7\u00e3o do curso personalizada: depende do perfil do aluno.&nbsp;<\/li>\n\n\n\n<li style=\"font-style:normal;font-weight:700\">Certificado de conclus\u00e3o do curso assinado pela Talkie.&nbsp;<\/li>\n<\/ul>\n\n\n\n<div style=\"height:50px\" aria-hidden=\"true\" class=\"wp-block-spacer\"><\/div>\n\n\n\n<div class=\"wp-block-jetpack-send-a-message\">\n<div class=\"wp-block-jetpack-whatsapp-button aligncenter is-color-dark\"><a class=\"whatsapp-block__button\" href=\"https:\/\/api.whatsapp.com\/send?phone=55988601168&amp;text=Oi%2C%20encontrei%20suas%20informa%C3%A7%C3%B5es%20do%20WhatsApp%20no%20seu%20site.\" style=\"background-color:#25D366;color:#fff\" target=\"_self\" rel=\"noopener noreferrer\">Fale com um especialista agora<\/a><\/div>\n<\/div>\n\n\n\n<div style=\"height:72px\" aria-hidden=\"true\" class=\"wp-block-spacer\"><\/div>\n","protected":false},"excerpt":{"rendered":"<p>Consultoria em RD Station Marketing e CRM para empresas. Aprenda a utilizar todas as possibilidades que essa incr\u00edvel ferramenta oferece. <\/p>\n","protected":false},"author":2,"featured_media":0,"parent":0,"menu_order":0,"comment_status":"closed","ping_status":"closed","template":"","meta":{"pagelayer_contact_templates":[],"_pagelayer_content":"","footnotes":""},"class_list":["post-231","page","type-page","status-publish","hentry"],"_links":{"self":[{"href":"https:\/\/talkiemarketing.com.br\/blog\/wp-json\/wp\/v2\/pages\/231","targetHints":{"allow":["GET"]}}],"collection":[{"href":"https:\/\/talkiemarketing.com.br\/blog\/wp-json\/wp\/v2\/pages"}],"about":[{"href":"https:\/\/talkiemarketing.com.br\/blog\/wp-json\/wp\/v2\/types\/page"}],"author":[{"embeddable":true,"href":"https:\/\/talkiemarketing.com.br\/blog\/wp-json\/wp\/v2\/users\/2"}],"replies":[{"embeddable":true,"href":"https:\/\/talkiemarketing.com.br\/blog\/wp-json\/wp\/v2\/comments?post=231"}],"version-history":[{"count":0,"href":"https:\/\/talkiemarketing.com.br\/blog\/wp-json\/wp\/v2\/pages\/231\/revisions"}],"wp:attachment":[{"href":"https:\/\/talkiemarketing.com.br\/blog\/wp-json\/wp\/v2\/media?parent=231"}],"curies":[{"name":"wp","href":"https:\/\/api.w.org\/{rel}","templated":true}]}}