{"id":196,"date":"2024-05-30T15:42:17","date_gmt":"2024-05-30T18:42:17","guid":{"rendered":"https:\/\/talkiemarketing.com.br\/?page_id=196"},"modified":"2024-05-30T15:42:17","modified_gmt":"2024-05-30T18:42:17","slug":"anuncios-no-google-ads-e-meta-ads","status":"publish","type":"page","link":"https:\/\/talkiemarketing.com.br\/blog\/anuncios-no-google-ads-e-meta-ads\/","title":{"rendered":"An\u00fancios no Google Ads e Meta Ads"},"content":{"rendered":"<div class=\"wp-block-image\">\n<figure class=\"aligncenter size-large is-resized\"><img decoding=\"async\" src=\"https:\/\/talkiemarketing.com.br\/wp-content\/uploads\/2024\/05\/businesswoman-working-laptop.jpg?w=1024\" alt=\"Vale a pena investir em an\u00fancios online?\" class=\"wp-image-202\" style=\"aspect-ratio:1.7777777777777777;object-fit:cover;width:892px;height:auto\" \/><\/figure>\n<\/div>\n\n\n<h1 class=\"wp-block-heading has-text-align-center has-custom-cover-overlay-color has-text-color has-link-color wp-elements-8862e5d83d855f33e4ce2d262f5c45ee\" style=\"font-size:45px\">Vale a pena investir em an\u00fancios online?<\/h1>\n\n\n\n<div style=\"height:44px\" aria-hidden=\"true\" class=\"wp-block-spacer\"><\/div>\n\n\n\n<h2 class=\"wp-block-heading has-custom-cover-overlay-color has-text-color has-link-color wp-elements-fa8fa6af08f261d1343b011b644657b0\" style=\"font-size:35px\">O que s\u00e3o an\u00fancios online?<\/h2>\n\n\n\n<p class=\"has-black-color has-text-color has-link-color wp-elements-bed7893595ecfc9e26b6b888092ca6b4\">An\u00fancios online s\u00e3o formas de publicidade digital que permitem que empresas e indiv\u00edduos promovam seus produtos, servi\u00e7os ou marcas atrav\u00e9s da internet. Esses an\u00fancios podem aparecer em diversos formatos, incluindo banners em sites, v\u00eddeos, postagens patrocinadas em redes sociais, e resultados pagos em mecanismos de busca. Eles s\u00e3o altamente segment\u00e1veis, o que significa que podem ser direcionados para p\u00fablicos espec\u00edficos com base em demografia, interesses, comportamento e localiza\u00e7\u00e3o.<\/p>\n\n\n\n<div style=\"height:49px\" aria-hidden=\"true\" class=\"wp-block-spacer\"><\/div>\n\n\n\n<div class=\"wp-block-columns is-layout-flex wp-container-core-columns-is-layout-9d6595d7 wp-block-columns-is-layout-flex\">\n<div class=\"wp-block-column is-layout-flow wp-block-column-is-layout-flow\" style=\"flex-basis:66.66%\">\n<h2 class=\"wp-block-heading\" style=\"font-size:35px\">O que \u00e9 preciso e em quais plataformas \u00e9 poss\u00edvel anunciar?<\/h2>\n\n\n\n<p class=\"has-custom-cover-overlay-color has-text-color has-link-color wp-elements-bcf5aef86264b0f3c436633a3196b83f\">Para come\u00e7ar a anunciar online, voc\u00ea precisar\u00e1 de uma estrat\u00e9gia clara, um or\u00e7amento definido, e materiais criativos como imagens, textos e v\u00eddeos, al\u00e9m de <strong>um profissional de tr\u00e1fego<\/strong> pago para gerenciar as campanhas, caso voc\u00ea n\u00e3o pretenda fazer por conta pr\u00f3pria. As principais plataformas para an\u00fancios online incluem:<\/p>\n<\/div>\n\n\n\n<div class=\"wp-block-column is-layout-flow wp-block-column-is-layout-flow\" style=\"flex-basis:33.33%\"><div class=\"wp-block-image\">\n<figure class=\"alignleft size-large is-resized\"><img decoding=\"async\" src=\"https:\/\/talkiemarketing.com.br\/wp-content\/uploads\/2024\/06\/anuncio-removebg-preview.png?w=471\" alt=\"ag\u00eancia de tr\u00e1fego pago\nan\u00fancios online\nagencia marketing anuncio online\" class=\"wp-image-264\" style=\"width:309px;height:auto\" \/><\/figure>\n<\/div><\/div>\n<\/div>\n\n\n\n<ol style=\"font-size:20px\" class=\"wp-block-list has-custom-cover-overlay-color has-text-color has-link-color wp-elements-df826287f0c5946b58507ea1551690ea\">\n<li><strong>Google Ads<\/strong>: permite an\u00fancios em resultados de pesquisa do Google, YouTube, e em uma vasta rede de sites parceiros.<\/li>\n\n\n\n<li><strong>Meta Ads (Facebook e Instagram Ads)<\/strong>: oferece an\u00fancios em redes sociais como Facebook e Instagram, com op\u00e7\u00f5es de segmenta\u00e7\u00e3o detalhada.<\/li>\n\n\n\n<li><strong>LinkedIn Ads<\/strong>: ideal para publicidade B2B, permitindo atingir profissionais e empresas.<\/li>\n\n\n\n<li><strong>Twitter Ads<\/strong>: permite promover tweets, contas e tend\u00eancias.<\/li>\n\n\n\n<li><strong>TikTok Ads<\/strong>: crescente em popularidade, ideal para alcan\u00e7ar p\u00fablicos mais jovens atrav\u00e9s de v\u00eddeos curtos e criativos.<\/li>\n\n\n\n<li><strong>Outras plataformas<\/strong>: incluem Pinterest, Snapchat, e plataformas de an\u00fancios nativas como Taboola e Outbrain.<\/li>\n<\/ol>\n\n\n\n<div style=\"height:32px\" aria-hidden=\"true\" class=\"wp-block-spacer\"><\/div>\n\n\n\n<h2 class=\"wp-block-heading has-custom-cover-overlay-color has-text-color has-link-color wp-elements-3148cce17b7bef9bf0c6d8867414d481\" style=\"font-size:35px\">Quais tipos de an\u00fancios dispon\u00edveis no Google Ads?<\/h2>\n\n\n\n<p class=\"has-custom-cover-overlay-color has-text-color has-link-color wp-elements-933758ef8f3126adc74654f79e9f8fc7\">No Google Ads, voc\u00ea pode escolher entre diversos tipos de an\u00fancios, incluindo:<\/p>\n\n\n\n<ol style=\"font-size:20px\" class=\"wp-block-list has-custom-cover-overlay-color has-text-color has-link-color wp-elements-2455fa0f383132f4639a08b0ea245fd5\">\n<li><strong>An\u00fancios de Pesquisa<\/strong>: aparecem nos resultados de pesquisa do Google quando os usu\u00e1rios procuram palavras-chave espec\u00edficas.<\/li>\n\n\n\n<li><strong>An\u00fancios de Display<\/strong>: s\u00e3o exibidos em sites parceiros do Google, abrangendo uma ampla rede de blogs, portais de not\u00edcias e outros sites.<\/li>\n\n\n\n<li><strong>An\u00fancios em V\u00eddeo<\/strong>: principalmente no YouTube, esses an\u00fancios podem ser reproduzidos antes, durante ou depois de v\u00eddeos.<\/li>\n\n\n\n<li><strong>An\u00fancios de Shopping<\/strong>: mostram produtos diretamente nos resultados de pesquisa, incluindo imagem, t\u00edtulo e pre\u00e7o.<\/li>\n\n\n\n<li><strong>An\u00fancios de Aplicativos<\/strong>: promovem aplicativos em toda a rede do Google, incluindo Google Play e YouTube.<\/li>\n<\/ol>\n\n\n\n<div style=\"height:39px\" aria-hidden=\"true\" class=\"wp-block-spacer\"><\/div>\n\n\n\n<h2 class=\"wp-block-heading has-custom-cover-overlay-color has-text-color has-link-color wp-elements-b69265e52bd316646e15fd55bdfd758b\" style=\"font-size:35px\">Quais tipos de an\u00fancios do Meta Ads?<\/h2>\n\n\n\n<p class=\"has-custom-cover-overlay-color has-text-color has-link-color wp-elements-0a4d77e6cf0899667745164978b35aae\">No Meta Ads (Facebook e Instagram), os principais tipos de an\u00fancios incluem:<\/p>\n\n\n\n<ol style=\"font-size:20px\" class=\"wp-block-list has-custom-cover-overlay-color has-text-color has-link-color wp-elements-bccc3f3cf8f7f946a554c4c124ec6ddd\">\n<li><strong>An\u00fancios de Imagem<\/strong>: simples e diretos, usam imagens para captar a aten\u00e7\u00e3o dos usu\u00e1rios.<\/li>\n\n\n\n<li><strong>An\u00fancios em V\u00eddeo<\/strong>: podem ser curtos ou longos e s\u00e3o ideais para contar hist\u00f3rias ou demonstrar produtos.<\/li>\n\n\n\n<li><strong>An\u00fancios em Carrossel<\/strong>: permitem m\u00faltiplas imagens ou v\u00eddeos em um \u00fanico an\u00fancio, cada um com seu pr\u00f3prio link.<\/li>\n\n\n\n<li><strong>An\u00fancios de Cole\u00e7\u00e3o<\/strong>: combinam imagens e v\u00eddeos em uma experi\u00eancia visual e imersiva, ideal para lojas online.<\/li>\n\n\n\n<li><strong>An\u00fancios em Stories<\/strong>: aparecem entre as Stories do Facebook e Instagram, ocupando toda a tela do dispositivo.<\/li>\n\n\n\n<li><strong>An\u00fancios de Experi\u00eancia Instant\u00e2nea<\/strong>: an\u00fancios interativos que se abrem em tela cheia quando tocados.<\/li>\n\n\n\n<li><strong>An\u00fancios de Lead<\/strong>: facilitam a coleta de informa\u00e7\u00f5es de contato diretamente no Facebook e Instagram.<\/li>\n<\/ol>\n\n\n\n<div style=\"height:49px\" aria-hidden=\"true\" class=\"wp-block-spacer\"><\/div>\n\n\n\n<h2 class=\"wp-block-heading has-custom-cover-overlay-color has-text-color has-link-color wp-elements-3081663d5f9ec7c9fc046b32751daa30\" style=\"font-size:35px\">Demora muito para obter resultados com an\u00fancios online?<\/h2>\n\n\n\n<p class=\"has-custom-cover-overlay-color has-text-color has-link-color wp-elements-c9b748694fa296bd270f3d7b521ed0fd\">A rapidez com que voc\u00ea ver\u00e1 resultados de an\u00fancios online pode variar bastante dependendo de v\u00e1rios fatores, incluindo o tipo de an\u00fancio, a qualidade do conte\u00fado, a segmenta\u00e7\u00e3o do p\u00fablico, e o or\u00e7amento. <strong>Em alguns casos, pode-se observar um aumento no tr\u00e1fego e nas convers\u00f5es em poucos dias, especialmente com campanhas bem segmentadas e otimizadas. <\/strong>No entanto, para campanhas mais complexas, pode levar semanas ou at\u00e9 meses para ajustar a estrat\u00e9gia e alcan\u00e7ar os melhores resultados. O importante \u00e9 monitorar constantemente o desempenho dos an\u00fancios e fazer otimiza\u00e7\u00f5es quando necess\u00e1rio. <\/p>\n\n\n\n<div style=\"height:49px\" aria-hidden=\"true\" class=\"wp-block-spacer\"><\/div>\n\n\n\n<h3 class=\"wp-block-heading has-custom-cover-overlay-color has-text-color has-link-color wp-elements-91cc89e08ed96766c016ab27012c459b\" style=\"font-size:35px\"><strong>Como funciona o trabalho de an\u00fancios online da Talkie?<\/strong><\/h3>\n\n\n\n<p class=\"has-custom-cover-overlay-color has-text-color has-link-color wp-elements-894fc77c5ae105341bd2cd4db0006510\">Contamos com um time especializado em gest\u00e3o de tr\u00e1fego e dados, com vasta experi\u00eancia em empresas de diversos segmentos. Utilizamos nosso know-how para criar campanhas altamente eficazes e econ\u00f4micas para nossos clientes. Acompanhamos todo o processo, desde a concep\u00e7\u00e3o da ideia at\u00e9 o monitoramento cont\u00ednuo dos resultados, garantindo desempenho e otimiza\u00e7\u00e3o constantes. <strong>Quer saber mais<\/strong>? Fale com nosso time e participe de um bate papo totalmente gratuito.<\/p>\n\n\n\n<div style=\"height:100px\" aria-hidden=\"true\" class=\"wp-block-spacer\"><\/div>\n\n\n\n<div class=\"wp-block-jetpack-send-a-message\">\n<div class=\"wp-block-jetpack-whatsapp-button aligncenter is-color-dark\"><a class=\"whatsapp-block__button\" href=\"https:\/\/api.whatsapp.com\/send?phone=5548988562551&amp;text=Oi%2C%20encontrei%20suas%20informa%C3%A7%C3%B5es%20do%20WhatsApp%20no%20seu%20site.\" style=\"background-color:#25D366;color:#fff\" target=\"_self\" rel=\"noopener noreferrer\">Fale com um especialista, clique aqui.<\/a><\/div>\n<\/div>\n\n\n\n<p><br><br><br><\/p>\n","protected":false},"excerpt":{"rendered":"<p>Vale a pena investir em an\u00fancios online? O que s\u00e3o an\u00fancios online? An\u00fancios online s\u00e3o formas de publicidade digital que permitem que empresas e indiv\u00edduos promovam seus produtos, servi\u00e7os ou marcas atrav\u00e9s da internet. Esses an\u00fancios podem aparecer em diversos formatos, incluindo banners em sites, v\u00eddeos, postagens patrocinadas em redes sociais, e resultados pagos em [&hellip;]<\/p>\n","protected":false},"author":2,"featured_media":0,"parent":0,"menu_order":0,"comment_status":"closed","ping_status":"closed","template":"","meta":{"pagelayer_contact_templates":[],"_pagelayer_content":"","footnotes":""},"class_list":["post-196","page","type-page","status-publish","hentry"],"_links":{"self":[{"href":"https:\/\/talkiemarketing.com.br\/blog\/wp-json\/wp\/v2\/pages\/196","targetHints":{"allow":["GET"]}}],"collection":[{"href":"https:\/\/talkiemarketing.com.br\/blog\/wp-json\/wp\/v2\/pages"}],"about":[{"href":"https:\/\/talkiemarketing.com.br\/blog\/wp-json\/wp\/v2\/types\/page"}],"author":[{"embeddable":true,"href":"https:\/\/talkiemarketing.com.br\/blog\/wp-json\/wp\/v2\/users\/2"}],"replies":[{"embeddable":true,"href":"https:\/\/talkiemarketing.com.br\/blog\/wp-json\/wp\/v2\/comments?post=196"}],"version-history":[{"count":0,"href":"https:\/\/talkiemarketing.com.br\/blog\/wp-json\/wp\/v2\/pages\/196\/revisions"}],"wp:attachment":[{"href":"https:\/\/talkiemarketing.com.br\/blog\/wp-json\/wp\/v2\/media?parent=196"}],"curies":[{"name":"wp","href":"https:\/\/api.w.org\/{rel}","templated":true}]}}