{"id":1851,"date":"2025-03-31T11:54:16","date_gmt":"2025-03-31T14:54:16","guid":{"rendered":"https:\/\/talkiemarketing.com.br\/?page_id=1851"},"modified":"2025-03-31T11:54:16","modified_gmt":"2025-03-31T14:54:16","slug":"avaliacoes-para-o-reclame-aqui","status":"publish","type":"page","link":"https:\/\/talkiemarketing.com.br\/blog\/avaliacoes-para-o-reclame-aqui\/","title":{"rendered":"Avalia\u00e7\u00f5es para o Reclame Aqui"},"content":{"rendered":"\n<div style=\"height:80px\" aria-hidden=\"true\" class=\"wp-block-spacer\"><\/div>\n\n\n\n<h2 class=\"wp-block-heading has-text-align-center\">Comprar avalia\u00e7\u00f5es para o Reclame Aqui<\/h2>\n\n\n\n<div style=\"height:55px\" aria-hidden=\"true\" class=\"wp-block-spacer\"><\/div>\n\n\n<div class=\"wp-block-image\">\n<figure class=\"aligncenter size-large\"><img decoding=\"async\" src=\"https:\/\/fmeiramarketing.wordpress.com\/wp-content\/uploads\/2025\/04\/reclameaqui-1.png?w=683\" alt=\"como comprar avalia\u00e7\u00f5es para o Reclame Aqui\" class=\"wp-image-1869\" \/><\/figure>\n<\/div>\n\n\n<p class=\"has-text-align-center has-black-color has-text-color has-link-color wp-elements-2b6c3006c5deeda93dac582bbdf4d01a\" style=\"font-size:25px\">A reputa\u00e7\u00e3o da sua empresa no <strong>Reclame Aqui<\/strong> pode definir o sucesso do seu neg\u00f3cio. Se sua marca sofre com avalia\u00e7\u00f5es negativas ou quer aumentar sua credibilidade, n\u00f3s podemos ajudar!<\/p>\n\n\n\n<div class=\"wp-block-jetpack-send-a-message\">\n<div class=\"wp-block-jetpack-whatsapp-button aligncenter is-color-dark\"><a class=\"whatsapp-block__button\" href=\"https:\/\/api.whatsapp.com\/send?phone=5548988101082&amp;text=Ol%C3%A1%2C%20gostaria%20de%20comprar%20avalia%C3%A7%C3%B5es%20para%20o%20Reclame%20Aqui.\" style=\"background-color:#25D366;color:#fff\" target=\"_self\" rel=\"noopener noreferrer\">Conversar no WhatsApp<\/a><\/div>\n<\/div>\n\n\n\n<div style=\"height:68px\" aria-hidden=\"true\" class=\"wp-block-spacer\"><\/div>\n\n\n<div class=\"wp-block-image\">\n<figure class=\"aligncenter size-large is-resized\"><img decoding=\"async\" src=\"https:\/\/fmeiramarketing.wordpress.com\/wp-content\/uploads\/2025\/04\/arte1-1.png?w=683\" alt=\"comprar avalia\u00e7\u00e3o para reclame aqui\" class=\"wp-image-1871\" style=\"width:604px;height:auto\" \/><\/figure>\n<\/div>\n\n\n<div style=\"height:46px\" aria-hidden=\"true\" class=\"wp-block-spacer\"><\/div>\n\n\n\n<p class=\"has-black-color has-text-color has-link-color wp-elements-0b5d98f53af7294275e355ebe57217e5\" style=\"font-size:25px\"><strong>Como funciona?<\/strong> Fornecemos avalia\u00e7\u00f5es reais e estrategicamente elaboradas para fortalecer sua imagem no <strong>Reclame Aqui<\/strong>. Nosso servi\u00e7o \u00e9 seguro, sigiloso e eficaz!<\/p>\n\n\n\n<div style=\"height:46px\" aria-hidden=\"true\" class=\"wp-block-spacer\"><\/div>\n\n\n\n<h2 class=\"wp-block-heading has-text-align-center\"><strong>Destaque-se da concorr\u00eancia e conquiste mais clientes agora!<\/strong><\/h2>\n\n\n<div class=\"wp-block-image\">\n<figure class=\"aligncenter size-large is-resized\"><img decoding=\"async\" src=\"https:\/\/fmeiramarketing.wordpress.com\/wp-content\/uploads\/2025\/03\/comprar-avaliacao-para-o-reclame-aqui-1.png?w=683\" alt=\"comprar avalia\u00e7\u00e3o para o reclame aqui\" class=\"wp-image-1865\" style=\"width:606px;height:auto\" \/><\/figure>\n<\/div>\n\n\n<p class=\"has-text-align-center\" style=\"font-size:25px\"><strong>Entre em contato e transforme sua reputa\u00e7\u00e3o online!<\/strong><\/p>\n\n\n\n<div style=\"height:57px\" aria-hidden=\"true\" class=\"wp-block-spacer\"><\/div>\n\n\n\n<div class=\"wp-block-jetpack-send-a-message\">\n<div class=\"wp-block-jetpack-whatsapp-button aligncenter is-color-dark\"><a class=\"whatsapp-block__button\" href=\"https:\/\/api.whatsapp.com\/send?phone=5548988101082&amp;text=Ol%C3%A1%2C%20gostaria%20de%20comprar%20avalia%C3%A7%C3%B5es%20para%20o%20Reclame%20Aqui.\" style=\"background-color:#25D366;color:#fff\" target=\"_self\" rel=\"noopener noreferrer\">Falar no Whatsapp<\/a><\/div>\n<\/div>\n\n\n\n<div style=\"height:100px\" aria-hidden=\"true\" class=\"wp-block-spacer\"><\/div>\n","protected":false},"excerpt":{"rendered":"<p>Compre avalia\u00e7\u00f5es para o Reclame Aqui da sua empresa. Avalia\u00e7\u00f5es de pessoas reais. N\u00e3o usamos IPs repetidos. <\/p>\n","protected":false},"author":2,"featured_media":1856,"parent":0,"menu_order":0,"comment_status":"closed","ping_status":"closed","template":"","meta":{"pagelayer_contact_templates":[],"_pagelayer_content":"","footnotes":""},"class_list":["post-1851","page","type-page","status-publish","has-post-thumbnail","hentry"],"_links":{"self":[{"href":"https:\/\/talkiemarketing.com.br\/blog\/wp-json\/wp\/v2\/pages\/1851","targetHints":{"allow":["GET"]}}],"collection":[{"href":"https:\/\/talkiemarketing.com.br\/blog\/wp-json\/wp\/v2\/pages"}],"about":[{"href":"https:\/\/talkiemarketing.com.br\/blog\/wp-json\/wp\/v2\/types\/page"}],"author":[{"embeddable":true,"href":"https:\/\/talkiemarketing.com.br\/blog\/wp-json\/wp\/v2\/users\/2"}],"replies":[{"embeddable":true,"href":"https:\/\/talkiemarketing.com.br\/blog\/wp-json\/wp\/v2\/comments?post=1851"}],"version-history":[{"count":0,"href":"https:\/\/talkiemarketing.com.br\/blog\/wp-json\/wp\/v2\/pages\/1851\/revisions"}],"wp:featuredmedia":[{"embeddable":true,"href":"https:\/\/talkiemarketing.com.br\/blog\/wp-json\/"}],"wp:attachment":[{"href":"https:\/\/talkiemarketing.com.br\/blog\/wp-json\/wp\/v2\/media?parent=1851"}],"curies":[{"name":"wp","href":"https:\/\/api.w.org\/{rel}","templated":true}]}}