{"id":1787,"date":"2024-11-09T09:31:25","date_gmt":"2024-11-09T12:31:25","guid":{"rendered":"https:\/\/talkiemarketing.com.br\/?page_id=1787"},"modified":"2024-11-09T09:31:25","modified_gmt":"2024-11-09T12:31:25","slug":"comprar-avaliacao-google-5-estrelas","status":"publish","type":"page","link":"https:\/\/talkiemarketing.com.br\/blog\/comprar-avaliacao-google-5-estrelas\/","title":{"rendered":"Turbine seu perfil no Google"},"content":{"rendered":"\n<div style=\"height:100px\" aria-hidden=\"true\" class=\"wp-block-spacer\"><\/div>\n\n\n\n<h2 class=\"wp-block-heading has-text-align-center\">Seu neg\u00f3cio no topo do Google<\/h2>\n\n\n\n<div style=\"height:29px\" aria-hidden=\"true\" class=\"wp-block-spacer\"><\/div>\n\n\n<div class=\"wp-block-image\">\n<figure class=\"aligncenter size-large is-resized\"><img decoding=\"async\" src=\"https:\/\/talkiemarketing.com.br\/wp-content\/uploads\/2024\/11\/google1.png\" alt=\"comprar avalia\u00e7\u00e3o do google barato\" class=\"wp-image-1793\" style=\"width:501px;height:auto\" \/><\/figure>\n<\/div>\n\n\n<p class=\"has-text-align-center\" style=\"font-size:22px\"><br><br><strong>Se voc\u00ea tem um neg\u00f3cio ou trabalha em uma ag\u00eancia de marketing<\/strong>, j\u00e1 sabe o quanto a reputa\u00e7\u00e3o online \u00e9 essencial para o <strong>sucesso<\/strong>. Contar com <strong>avalia\u00e7\u00f5es positivas no Google<\/strong> pode ser o fator decisivo entre atrair novos clientes e perd\u00ea-los para a concorr\u00eancia.<\/p>\n\n\n\n<div style=\"height:33px\" aria-hidden=\"true\" class=\"wp-block-spacer\"><\/div>\n\n\n\n<div class=\"wp-block-jetpack-send-a-message\">\n<div class=\"wp-block-jetpack-whatsapp-button aligncenter is-color-dark\"><a class=\"whatsapp-block__button\" href=\"https:\/\/api.whatsapp.com\/send?phone=5548988601168&amp;text=Oi%2C%20encontrei%20suas%20informa%C3%A7%C3%B5es%20do%20WhatsApp%20no%20seu%20site.\" style=\"background-color:#25D366;color:#fff\" target=\"_self\" rel=\"noopener noreferrer\">Falar com um consultor<\/a><\/div>\n<\/div>\n\n\n\n<div style=\"height:33px\" aria-hidden=\"true\" class=\"wp-block-spacer\"><\/div>\n\n\n\n<h2 class=\"wp-block-heading has-text-align-center has-foreground-color has-text-color has-link-color wp-elements-75f0393d90860176167c9ab3e67c5d6e\">Nossos diferenciais<\/h2>\n\n\n\n<div style=\"height:34px\" aria-hidden=\"true\" class=\"wp-block-spacer\"><\/div>\n\n\n\n<div class=\"wp-block-columns is-layout-flex wp-container-core-columns-is-layout-9d6595d7 wp-block-columns-is-layout-flex\">\n<div class=\"wp-block-column is-layout-flow wp-block-column-is-layout-flow\">\n<p style=\"font-size:23px\">\u2705<strong>Avalia\u00e7\u00f5es com 5 estrelas<\/strong><br>Oferecemos avalia\u00e7\u00f5es positivas que refor\u00e7am a imagem online do seu neg\u00f3cio.<\/p>\n<\/div>\n\n\n\n<div class=\"wp-block-column is-layout-flow wp-block-column-is-layout-flow\">\n<p style=\"font-size:23px\">\u2705<strong>Personaliza\u00e7\u00e3o completa<\/strong><br>Voc\u00ea escolhe a mensagem! Customize os coment\u00e1rios para valorizar pontos espec\u00edficos dos seus produtos ou servi\u00e7os.<\/p>\n<\/div>\n<\/div>\n\n\n\n<div class=\"wp-block-columns is-layout-flex wp-container-core-columns-is-layout-9d6595d7 wp-block-columns-is-layout-flex\">\n<div class=\"wp-block-column is-layout-flow wp-block-column-is-layout-flow\">\n<p style=\"font-size:23px\">\u2705<strong>Avalia\u00e7\u00f5es reais!<\/strong><br>Todas as nossas avalia\u00e7\u00f5es no Google s\u00e3o feitas por <strong>pessoas reais<\/strong>. Selecionamos os avaliadores para garantir uma experi\u00eancia de alta qualidade e publica\u00e7\u00f5es que soem naturais.<\/p>\n\n\n\n<p style=\"font-size:23px\">\u2705<strong>Pague somente depois da entrega!<\/strong><br>Efetue o pagamento via pix ou cart\u00e3o de cr\u00e9dito somente ap\u00f3s a entrega de todas as avalia\u00e7\u00f5es.<\/p>\n<\/div>\n\n\n\n<div class=\"wp-block-column is-layout-flow wp-block-column-is-layout-flow\">\n<p style=\"font-size:21px\"><\/p>\n<\/div>\n<\/div>\n\n\n\n<div style=\"height:70px\" aria-hidden=\"true\" class=\"wp-block-spacer\"><\/div>\n\n\n\n<h2 class=\"wp-block-heading has-text-align-center has-foreground-color has-text-color has-link-color wp-elements-ee570778179a80ffa2670c320c287901\">Benef\u00edcios de investir em coment\u00e1rios positivos<\/h2>\n\n\n\n<div style=\"height:47px\" aria-hidden=\"true\" class=\"wp-block-spacer\"><\/div>\n\n\n<div class=\"wp-block-image\">\n<figure class=\"aligncenter size-large is-resized\"><img decoding=\"async\" src=\"https:\/\/talkiemarketing.com.br\/wp-content\/uploads\/2024\/11\/feedback-2800867_640.png\" alt=\"\" class=\"wp-image-1800\" style=\"width:518px;height:auto\" \/><\/figure>\n<\/div>\n\n\n<p style=\"font-size:23px\"><strong>Aumento da credibilidade<\/strong><br>Avalia\u00e7\u00f5es positivas constroem a reputa\u00e7\u00e3o do neg\u00f3cio e aumentam a confian\u00e7a dos consumidores, que tendem a escolher empresas bem avaliadas.<\/p>\n\n\n\n<p style=\"font-size:23px\"><strong>Melhor posicionamento nas buscas<\/strong><br>Avalia\u00e7\u00f5es frequentes e de qualidade ajudam a melhorar o ranqueamento do neg\u00f3cio no Google, tornando-o mais vis\u00edvel para potenciais clientes.<\/p>\n\n\n\n<p style=\"font-size:23px\"><strong>Atra\u00e7\u00e3o de novos clientes<\/strong><br>Muitos consumidores consultam as avalia\u00e7\u00f5es antes de tomar uma decis\u00e3o de compra, e avalia\u00e7\u00f5es positivas podem ser decisivas para atrair novos clientes.<\/p>\n\n\n\n<p style=\"font-size:23px\"><strong>Fortalecimento da fidelidade dos clientes<\/strong><br>Avalia\u00e7\u00f5es positivas refor\u00e7am a percep\u00e7\u00e3o de qualidade, incentivando clientes satisfeitos a voltarem e recomendarem o neg\u00f3cio a outras pessoas.<\/p>\n\n\n\n<div style=\"height:40px\" aria-hidden=\"true\" class=\"wp-block-spacer\"><\/div>\n\n\n\n<div class=\"wp-block-jetpack-send-a-message\">\n<div class=\"wp-block-jetpack-whatsapp-button aligncenter is-color-dark\"><a class=\"whatsapp-block__button\" href=\"https:\/\/api.whatsapp.com\/send?phone=5548988601168&amp;text=Oi%2C%20encontrei%20suas%20informa%C3%A7%C3%B5es%20do%20WhatsApp%20no%20seu%20site.\" style=\"background-color:#25D366;color:#fff\" target=\"_self\" rel=\"noopener noreferrer\">Comprar agora!<\/a><\/div>\n<\/div>\n\n\n\n<div style=\"height:56px\" aria-hidden=\"true\" class=\"wp-block-spacer\"><\/div>\n\n\n\n<h2 class=\"wp-block-heading has-text-align-center\"><strong>Como funciona a aquisi\u00e7\u00e3o das avalia\u00e7\u00f5es?<\/strong><\/h2>\n\n\n\n<div style=\"height:34px\" aria-hidden=\"true\" class=\"wp-block-spacer\"><\/div>\n\n\n\n<p style=\"font-size:23px\"><strong>Entre em contato conosco<\/strong> \ud83d\udcde<br>Fale com a nossa equipe e nos conte mais sobre suas necessidades e objetivos.<\/p>\n\n\n\n<p style=\"font-size:23px\"><strong>Receba avalia\u00e7\u00f5es aut\u00eanticas<\/strong> \ud83c\udf1f<br>N\u00f3s ajudamos voc\u00ea a adquirir avalia\u00e7\u00f5es reais de clientes satisfeitos.<\/p>\n\n\n\n<p style=\"font-size:23px\"><strong>Veja seu neg\u00f3cio crescer<\/strong> \ud83d\udcc8<br>Observe o aumento de visibilidade e a melhoria da reputa\u00e7\u00e3o do seu neg\u00f3cio no Google.<\/p>\n\n\n\n<div style=\"height:50px\" aria-hidden=\"true\" class=\"wp-block-spacer\"><\/div>\n\n\n\n<div style=\"height:100px\" aria-hidden=\"true\" class=\"wp-block-spacer\"><\/div>\n\n\n\n<div class=\"wp-block-group alignfull is-content-justification-center\" style=\"margin-top:0;margin-bottom:0;padding-top:calc( 0.5 * var(--wp--style--root--padding-right, var(--wp--custom--gap--horizontal)));padding-right:var(--wp--style--root--padding-right, var(--wp--custom--gap--horizontal));padding-bottom:calc( 0.5 * var(--wp--style--root--padding-right, var(--wp--custom--gap--horizontal)));padding-left:var(--wp--style--root--padding-left, var(--wp--custom--gap--horizontal))\"><div class=\"wp-block-group__inner-container is-layout-constrained wp-container-core-group-is-layout-b073b61b wp-block-group-is-layout-constrained\">\n<div style=\"height:calc( 0.25 * var(--wp--style--root--padding-right, var(--wp--custom--gap--horizontal)))\" aria-hidden=\"true\" class=\"wp-block-spacer\"><\/div>\n\n\n\n<figure class=\"wp-block-image size-full\"><img decoding=\"async\" src=\"https:\/\/fmeiramarketing.wordpress.com\/wp-content\/uploads\/2025\/04\/reviews1-1.png\" alt=\"\" class=\"wp-image-1891\" style=\"aspect-ratio:4\/3;object-fit:cover\" \/><\/figure>\n\n\n\n<div class=\"wp-block-group alignwide\"><div class=\"wp-block-group__inner-container is-layout-constrained wp-block-group-is-layout-constrained\">\n<h2 class=\"wp-block-heading alignfull has-text-align-center has-foreground-color has-text-color has-link-color wp-elements-bb8421c63bd23a4f3062c45346f26561\" style=\"font-size:45px\">PRE\u00c7OS &#8211; compre seu pacote!<\/h2>\n\n\n\n<div style=\"height:33px\" aria-hidden=\"true\" class=\"wp-block-spacer\"><\/div>\n<\/div><\/div>\n\n\n\n<div class=\"wp-block-group alignwide\"><div class=\"wp-block-group__inner-container is-layout-flow wp-block-group-is-layout-flow\">\n<div class=\"wp-block-group\"><div class=\"wp-block-group__inner-container is-layout-flow wp-block-group-is-layout-flow\">\n<div style=\"height:var(--wp--preset--spacing--20)\" aria-hidden=\"true\" class=\"wp-block-spacer\"><\/div>\n\n\n\n<div class=\"wp-block-columns alignwide are-vertically-aligned-center is-layout-flex wp-container-core-columns-is-layout-1a7dd963 wp-block-columns-is-layout-flex\">\n<div class=\"wp-block-column is-vertically-aligned-center is-layout-flow wp-block-column-is-layout-flow\">\n<p class=\"is-service-name has-black-color has-text-color has-link-color wp-elements-cda676893240ac0feef49a0e8e66f3ef\" style=\"font-size:20px\"><strong><strong>5 AVALIA\u00c7\u00d5ES <\/strong><\/strong><\/p>\n\n\n\n<p>\u2705Avalia\u00e7\u00f5es de pessoas reais<\/p>\n\n\n\n<p>\u2705Avalia\u00e7\u00f5es personalizadas<\/p>\n\n\n\n<p>\u2705Sigilo e seguran\u00e7a total<\/p>\n\n\n\n<p>\u2705Entrega em at\u00e9 48 horas<\/p>\n\n\n\n<p class=\"is-service-link\" style=\"font-size:30px\"><strong>R$150,00<\/strong><\/p>\n<\/div>\n\n\n\n<div class=\"wp-block-column is-vertically-aligned-center is-layout-flow wp-block-column-is-layout-flow\">\n<p class=\"is-service-name has-medium-font-size has-black-color has-text-color has-link-color wp-elements-0b833f0b4988af150f875e50980e3dac\" style=\"font-size:23px\"><strong><strong>10 AVALIA\u00c7\u00d5ES <\/strong><\/strong><\/p>\n\n\n\n<p>\u2705Avalia\u00e7\u00f5es de pessoas reais<\/p>\n\n\n\n<p>\u2705Avalia\u00e7\u00f5es personalizadas<\/p>\n\n\n\n<p>\u2705Sigilo e seguran\u00e7a total<\/p>\n\n\n\n<p class=\"is-service-description\">\u2705Entrega em at\u00e9 48 horas<\/p>\n\n\n\n<p class=\"is-service-link\" style=\"font-size:30px\"><strong>R$ 250,00<\/strong><\/p>\n<\/div>\n\n\n\n<div class=\"wp-block-column is-vertically-aligned-center is-layout-flow wp-block-column-is-layout-flow\">\n<h3 class=\"wp-block-heading is-service-name has-medium-font-size\">20 AVALIA\u00c7\u00d5ES<\/h3>\n\n\n\n<p>\u2705Avalia\u00e7\u00f5es de pessoas reais<\/p>\n\n\n\n<p>\u2705Avalia\u00e7\u00f5es personalizadas<\/p>\n\n\n\n<p>\u2705Sigilo e seguran\u00e7a total<\/p>\n\n\n\n<p class=\"is-service-description\">\u2705Entrega em at\u00e9 48 horas<\/p>\n\n\n\n<p class=\"is-service-link\" style=\"font-size:30px\"><strong>R$350,00<\/strong><\/p>\n<\/div>\n<\/div>\n<\/div><\/div>\n<\/div><\/div>\n\n\n\n<div style=\"height:45px\" aria-hidden=\"true\" class=\"wp-block-spacer\"><\/div>\n\n\n\n<p class=\"has-text-align-center has-foreground-color has-text-color has-link-color wp-elements-6330c3681e4479f73cbad20ed5af9563\" style=\"font-size:23px\"><strong>Ressaltamos: todas as avalia\u00e7\u00f5es s\u00e3o reais, de pessoas engajadas e  que utilizam suas contas naturalmente.<\/strong><\/p>\n\n\n\n<div style=\"height:100px\" aria-hidden=\"true\" class=\"wp-block-spacer\"><\/div>\n\n\n\n<p class=\"has-text-align-center\"><strong>Precisa de mais de 20 avalia\u00e7\u00f5es? Fale com nosso time!<\/strong><\/p>\n\n\n\n<div style=\"height:36px\" aria-hidden=\"true\" class=\"wp-block-spacer\"><\/div>\n\n\n\n<div class=\"wp-block-jetpack-send-a-message\">\n<div class=\"wp-block-jetpack-whatsapp-button aligncenter is-color-dark\"><a class=\"whatsapp-block__button\" href=\"https:\/\/api.whatsapp.com\/send?phone=5548988601168&amp;text=Oi%2C%20encontrei%20suas%20informa%C3%A7%C3%B5es%20do%20WhatsApp%20no%20seu%20site.\" style=\"background-color:#25D366;color:#fff\" target=\"_self\" rel=\"noopener noreferrer\">Comprar agora!<\/a><\/div>\n<\/div>\n<\/div><\/div>\n\n\n\n<div style=\"height:101px\" aria-hidden=\"true\" class=\"wp-block-spacer\"><\/div>\n\n\n\n<h2 class=\"wp-block-heading has-text-align-center\" style=\"font-size:40px\">N\u00c3O DEIXE OS CONCORRENTES ULTRAPASSAREM O SEU NEG\u00d3CIO!<\/h2>\n\n\n\n<div style=\"height:100px\" aria-hidden=\"true\" class=\"wp-block-spacer\"><\/div>\n\n\n\n<p class=\"has-text-align-center has-custom-cover-overlay-color has-text-color has-link-color wp-elements-36163fac545d1c5e3cc627a6fbc3edd2\" style=\"font-size:30px\">Veja o que nossos clientes falam sobre a Talkie Avalia\u00e7\u00f5es<\/p>\n\n\n\n<div style=\"height:31px\" aria-hidden=\"true\" class=\"wp-block-spacer\"><\/div>\n\n\n\n<figure class=\"wp-block-image size-large\"><img decoding=\"async\" src=\"https:\/\/talkiemarketing.com.br\/wp-content\/uploads\/2024\/11\/juliana-dona-de-uma-padaria.png\" alt=\"como comprar avalia\u00e7\u00f5es do Google\" class=\"wp-image-1809\" \/><\/figure>\n\n\n\n<div style=\"height:37px\" aria-hidden=\"true\" class=\"wp-block-spacer\"><\/div>\n\n\n\n<h2 class=\"wp-block-heading has-text-align-center has-foreground-color has-text-color has-link-color wp-elements-fd4ba049579404ca632757f5e4384f36\" style=\"font-size:35px\">D\u00favidas frequentes<\/h2>\n\n\n\n<div style=\"height:28px\" aria-hidden=\"true\" class=\"wp-block-spacer\"><\/div>\n\n\n\n<p style=\"font-size:23px\"><strong>Quais m\u00e9todos de pagamentos voc\u00eas aceitam para comprar avalia\u00e7\u00f5es?<\/strong><\/p>\n\n\n\n<p style=\"font-size:23px\">Aceitamos como pagamento <strong>PIX e cart\u00e3o de cr\u00e9dito<\/strong>. <\/p>\n\n\n\n<p style=\"font-size:23px\"><br><strong>Quanto tempo leva para ver os resultados?<\/strong><\/p>\n\n\n\n<p style=\"font-size:23px\">Os resultados podem variar, mas muitos de nossos clientes percebem uma melhoria expressiva na visibilidade e na reputa\u00e7\u00e3o do neg\u00f3cio em poucos dias.<\/p>\n\n\n\n<p style=\"font-size:23px\"><br><strong>Como voc\u00eas garantem que as avalia\u00e7\u00f5es s\u00e3o aut\u00eanticas?<\/strong><\/p>\n\n\n\n<p style=\"font-size:23px\">Realizamos uma sele\u00e7\u00e3o criteriosa de pessoas para responder as suas avalia\u00e7\u00f5es. <strong>Pessoas 100% reais e com contas naturais e engajadas<\/strong>, para garantir a aceita\u00e7\u00e3o pelo Google.<\/p>\n\n\n\n<div style=\"height:120px\" aria-hidden=\"true\" class=\"wp-block-spacer\"><\/div>\n\n\n\n\n\n\n    \n    \n    FAQ &#8211; D\u00favidas Frequentes\n    \n        * {\n            margin: 0;\n            padding: 0;\n            box-sizing: border-box;\n            font-family: &#8216;Montserrat&#8217;, Arial, sans-serif;\n        }\n        \n        .faq-section {\n            max-width: 900px;\n            margin: 60px auto;\n            padding: 40px 20px;\n            background: linear-gradient(135deg, rgba(240, 255, 240, 0.8), rgba(230, 245, 255, 0.8));\n            border-radius: 15px;\n            box-shadow: 0 10px 30px rgba(0, 0, 0, 0.1);\n        }\n        \n        .faq-header {\n            text-align: center;\n            margin-bottom: 40px;\n        }\n        \n        .faq-header h2 {\n            font-size: 36px;\n            color: #155e56;\n            position: relative;\n            display: inline-block;\n            padding-bottom: 15px;\n        }\n        \n        .faq-header h2::after {\n            content: &#8221;;\n            position: absolute;\n            width: 60%;\n            height: 3px;\n            background: linear-gradient(90deg, #155e56, #1e88e5);\n            bottom: 0;\n            left: 20%;\n        }\n        \n        .faq-container {\n            display: flex;\n            flex-direction: column;\n            gap: 20px;\n        }\n        \n        .faq-item {\n            background-color: white;\n            border-radius: 10px;\n            overflow: hidden;\n            transition: all 0.3s ease;\n            box-shadow: 0 5px 15px rgba(0, 0, 0, 0.05);\n        }\n        \n        .faq-question {\n            padding: 20px 25px;\n            font-weight: 600;\n            font-size: 18px;\n            color: #155e56;\n            background-color: rgba(240, 255, 250, 0.5);\n            cursor: pointer;\n            display: flex;\n            justify-content: space-between;\n            align-items: center;\n        }\n        \n        .faq-question::after {\n            content: &#8216;+&#8217;;\n            font-size: 24px;\n            transition: transform 0.3s ease;\n        }\n        \n        .faq-item.active .faq-question::after {\n            transform: rotate(45deg);\n        }\n        \n        .faq-answer {\n            padding: 0 25px;\n            max-height: 0;\n            overflow: hidden;\n            transition: max-height 0.3s ease, padding 0.3s ease;\n            line-height: 1.6;\n            color: #444;\n            font-size: 16px;\n        }\n        \n        .faq-item.active .faq-answer {\n            padding: 20px 25px;\n            max-height: 200px;\n        }\n        \n        .highlight {\n            font-weight: 700;\n            color: #1e88e5;\n        }\n        \n        @media (max-width: 768px) {\n            .faq-header h2 {\n                font-size: 28px;\n            }\n            \n            .faq-question {\n                font-size: 16px;\n                padding: 15px 20px;\n            }\n        }\n    \n\n\n    <section class=\"faq-section\">\n        <div class=\"faq-header\">\n            <h2>D\u00favidas Frequentes<\/h2>\n        <\/div>\n        \n        <div class=\"faq-container\">\n            <div class=\"faq-item\">\n                <div class=\"faq-question\">Quais m\u00e9todos de pagamentos voc\u00eas aceitam para comprar avalia\u00e7\u00f5es?<\/div>\n                <div class=\"faq-answer\">\n                    Aceitamos como pagamento <span class=\"highlight\">PIX e cart\u00e3o de cr\u00e9dito<\/span>.\n                <\/div>\n            <\/div>\n            \n            <div class=\"faq-item\">\n                <div class=\"faq-question\">Quanto tempo leva para ver os resultados?<\/div>\n                <div class=\"faq-answer\">\n                    Os resultados podem variar, mas muitos de nossos clientes percebem uma melhoria expressiva na visibilidade e na reputa\u00e7\u00e3o do neg\u00f3cio em poucos dias.\n                <\/div>\n            <\/div>\n            \n            <div class=\"faq-item\">\n                <div class=\"faq-question\">Como voc\u00eas garantem que as avalia\u00e7\u00f5es s\u00e3o aut\u00eanticas?<\/div>\n                <div class=\"faq-answer\">\n                    Realizamos uma sele\u00e7\u00e3o criteriosa de pessoas para responder as suas avalia\u00e7\u00f5es. <span class=\"highlight\">Pessoas 100% reais e com contas naturais e engajadas<\/span>, para garantir a aceita\u00e7\u00e3o pelo Google.\n                <\/div>\n            <\/div>\n        <\/div>\n    <\/section>\n\n    \n        document.querySelectorAll(&#8216;.faq-question&#8217;).forEach(question =&gt; {\n            question.addEventListener(&#8216;click&#8217;, () =&gt; {\n                const item = question.parentElement;\n                const isActive = item.classList.contains(&#8216;active&#8217;);\n                \n                \/\/ Fechar todas as respostas\n                document.querySelectorAll(&#8216;.faq-item&#8217;).forEach(faqItem =&gt; {\n                    faqItem.classList.remove(&#8216;active&#8217;);\n                });\n                \n                \/\/ Abrir a resposta clicada (se n\u00e3o estava aberta)\n                if (!isActive) {\n                    item.classList.add(&#8216;active&#8217;);\n                }\n            });\n        });\n    \n\n\n","protected":false},"excerpt":{"rendered":"<p>Compre avalia\u00e7\u00f5es do Google para o seu neg\u00f3cio. Pacote barato de avalia\u00e7\u00f5es. A partir de R$20.<\/p>\n","protected":false},"author":2,"featured_media":1793,"parent":0,"menu_order":0,"comment_status":"closed","ping_status":"closed","template":"","meta":{"pagelayer_contact_templates":[],"_pagelayer_content":"","footnotes":""},"class_list":["post-1787","page","type-page","status-publish","has-post-thumbnail","hentry"],"_links":{"self":[{"href":"https:\/\/talkiemarketing.com.br\/blog\/wp-json\/wp\/v2\/pages\/1787","targetHints":{"allow":["GET"]}}],"collection":[{"href":"https:\/\/talkiemarketing.com.br\/blog\/wp-json\/wp\/v2\/pages"}],"about":[{"href":"https:\/\/talkiemarketing.com.br\/blog\/wp-json\/wp\/v2\/types\/page"}],"author":[{"embeddable":true,"href":"https:\/\/talkiemarketing.com.br\/blog\/wp-json\/wp\/v2\/users\/2"}],"replies":[{"embeddable":true,"href":"https:\/\/talkiemarketing.com.br\/blog\/wp-json\/wp\/v2\/comments?post=1787"}],"version-history":[{"count":0,"href":"https:\/\/talkiemarketing.com.br\/blog\/wp-json\/wp\/v2\/pages\/1787\/revisions"}],"wp:featuredmedia":[{"embeddable":true,"href":"https:\/\/talkiemarketing.com.br\/blog\/wp-json\/"}],"wp:attachment":[{"href":"https:\/\/talkiemarketing.com.br\/blog\/wp-json\/wp\/v2\/media?parent=1787"}],"curies":[{"name":"wp","href":"https:\/\/api.w.org\/{rel}","templated":true}]}}