{"id":161,"date":"2024-05-30T09:19:48","date_gmt":"2024-05-30T12:19:48","guid":{"rendered":"https:\/\/talkiemarketing.com.br\/?page_id=161"},"modified":"2024-05-30T09:19:48","modified_gmt":"2024-05-30T12:19:48","slug":"consultoria-inbound-marketing","status":"publish","type":"page","link":"https:\/\/talkiemarketing.com.br\/blog\/consultoria-inbound-marketing\/","title":{"rendered":"Consultoria em Inbound Marketing"},"content":{"rendered":"<div class=\"wp-block-image\">\n<figure class=\"aligncenter size-large is-resized\"><img decoding=\"async\" src=\"https:\/\/talkiemarketing.com.br\/wp-content\/uploads\/2024\/06\/3412069.jpg?w=1000\" alt=\"Inbound marketing e marketing de conteudo\" class=\"wp-image-1273\" style=\"width:1102px;height:auto\" \/><figcaption class=\"wp-element-caption\"><a href=\"https:\/\/br.freepik.com\/vetores-gratis\/conceito-de-telefone-movel-de-marketing-de-midia-social_6688549.htm#fromView=search&amp;page=1&amp;position=0&amp;uuid=a88b31c2-4a7c-45c7-95ff-1329847c3689\">Imagem de freepik<\/a><\/figcaption><\/figure>\n<\/div>\n\n\n<h1 class=\"wp-block-heading has-text-align-center has-black-color has-text-color has-link-color has-raleway-font-family wp-elements-4c1b210c86ac25571890e696e7acc3b2\" style=\"font-size:45px\">Inbound Marketing: vale a pena investir na estrat\u00e9gia?<\/h1>\n\n\n\n<div style=\"height:71px\" aria-hidden=\"true\" class=\"wp-block-spacer\"><\/div>\n\n\n\n<h2 class=\"wp-block-heading has-black-color has-text-color has-link-color has-raleway-font-family wp-elements-801eab8042495f919600f24a7837f304\" style=\"font-size:35px\"><strong>O que \u00e9<\/strong> Inbound Marketing?<\/h2>\n\n\n\n<div style=\"height:21px\" aria-hidden=\"true\" class=\"wp-block-spacer\"><\/div>\n\n\n\n<p class=\"has-black-color has-text-color has-link-color wp-elements-4bc44521e621413c1433e1274e5cf221\">O <strong>Inbound marketing<\/strong> \u00e9 uma <strong>estrat\u00e9gia focada em atrair, engajar e encantar <\/strong>os clientes de um neg\u00f3cio por meio da cria\u00e7\u00e3o de conte\u00fado relevante e valioso. Ao contr\u00e1rio do marketing tradicional, que busca a aten\u00e7\u00e3o dos consumidores de forma intrusiva, o inbound marketing utiliza blogs, v\u00eddeos, e-books, redes sociais e SEO para atrair potenciais clientes naturalmente. Essa abordagem visa <strong>construir relacionamentos de confian\u00e7a e educar<\/strong> os consumidores durante sua jornada de compra. Com isso, as empresas podem converter visitantes em leads qualificados e, eventualmente, em clientes leais, promovendo um crescimento sustent\u00e1vel e mensur\u00e1vel dos neg\u00f3cios.<\/p>\n\n\n\n<div style=\"height:51px\" aria-hidden=\"true\" class=\"wp-block-spacer\"><\/div>\n\n\n\n<h2 class=\"wp-block-heading has-black-color has-text-color has-link-color has-raleway-font-family wp-elements-fad321e83629481f0a859a9301c03fc0\" style=\"font-size:35px\">Qual estrutura necess\u00e1ria para fazer Inbound Marketing?<\/h2>\n\n\n\n<div style=\"height:21px\" aria-hidden=\"true\" class=\"wp-block-spacer\"><\/div>\n\n\n\n<h3 class=\"wp-block-heading has-black-color has-text-color has-link-color has-raleway-font-family wp-elements-ecbb89696602d6c66880be8fd9a15620\" style=\"font-style:normal;font-weight:500\">Site<\/h3>\n\n\n\n<p class=\"has-black-color has-text-color has-link-color wp-elements-380a96c897b8775b090905200e9747b8\">O site \u00e9 onde os visitantes ter\u00e3o o primeiro contato com a sua marca e \u00e9 onde os conte\u00fados ser\u00e3o postados e servir\u00e3o de isca.&nbsp;<\/p>\n\n\n\n<h3 class=\"wp-block-heading has-black-color has-text-color has-link-color has-raleway-font-family wp-elements-50ee976f71c015c318d09723cef683b5\" style=\"font-style:normal;font-weight:500\">Conte\u00fado<\/h3>\n\n\n\n<p class=\"has-black-color has-text-color has-link-color wp-elements-b75ecd122de72edbbed2dc8a68fd0b8c\">Desenvolver conte\u00fados valiosos e relevantes, como blogs, e-books, infogr\u00e1ficos, v\u00eddeos e webinars, que atendam \u00e0s necessidades e interesses das personas.<\/p>\n\n\n\n<h3 class=\"wp-block-heading has-black-color has-text-color has-link-color has-raleway-font-family wp-elements-8839ce552f5f4ee35cb94e9c52d10b31\" style=\"font-style:normal;font-weight:500\">SEO (Otimiza\u00e7\u00e3o para Mecanismos de Busca)<\/h3>\n\n\n\n<p>Implementar pr\u00e1ticas de SEO para aumentar a visibilidade do conte\u00fado nos motores de busca e atrair tr\u00e1fego org\u00e2nico.<\/p>\n\n\n\n<h3 class=\"wp-block-heading has-black-color has-text-color has-link-color has-raleway-font-family wp-elements-6f73cc3c27ce631481e9904c8144ef62\" style=\"font-style:normal;font-weight:500\">Presen\u00e7a nas redes sociais:<\/h3>\n\n\n\n<p>Para utilizar as redes sociais no compartilhamento do conte\u00fado criado, interagir com o p\u00fablico e promover o engajamento.<\/p>\n\n\n\n<h3 class=\"wp-block-heading has-black-color has-text-color has-link-color has-raleway-font-family wp-elements-990e40faed339b50542421c752710922\" style=\"font-style:normal;font-weight:500\">E-mail marketing:<\/h3>\n\n\n\n<p>Para construir uma lista de e-mails e criar campanhas de e-mail segmentadas para nutrir leads e manter os clientes informados.<\/p>\n\n\n\n<h3 class=\"wp-block-heading has-black-color has-text-color has-link-color has-raleway-font-family wp-elements-5b478aa0d63cebf2206fd7b0c0c4f05c\" style=\"font-style:normal;font-weight:500\">Landing Pages e CTAs (Call to Actions):<\/h3>\n\n\n\n<p>Para criar landing pages otimizadas com CTAs eficazes para converter visitantes em leads, oferecendo conte\u00fado exclusivo em troca de informa\u00e7\u00f5es de contato.<\/p>\n\n\n\n<h3 class=\"wp-block-heading has-black-color has-text-color has-link-color has-raleway-font-family wp-elements-f026b989ecdf008e8fc80367e39ee0b4\" style=\"font-style:normal;font-weight:500\">Automa\u00e7\u00e3o de marketing:<\/h3>\n\n\n\n<p>Implementar ferramentas de automa\u00e7\u00e3o para gerenciar leads, personalizar comunica\u00e7\u00f5es e nutrir relacionamentos ao longo do tempo.<\/p>\n\n\n\n<div style=\"height:51px\" aria-hidden=\"true\" class=\"wp-block-spacer\"><\/div>\n\n\n\n<h2 class=\"wp-block-heading has-black-color has-text-color has-link-color has-raleway-font-family wp-elements-66abf248751d67f6014c5d9520fd4c24\" style=\"font-size:35px;font-style:normal;font-weight:500\"><strong>Quanto tempo leva para ter resultados com o Inbound Marketing?<\/strong><\/h2>\n\n\n\n<div style=\"height:21px\" aria-hidden=\"true\" class=\"wp-block-spacer\"><\/div>\n\n\n\n<p>O Inbound \u00e9 uma estrat\u00e9gia complexa e detalhada, focada em conquistar a aten\u00e7\u00e3o de visitantes e leads. Os resultados n\u00e3o s\u00e3o imediatos, mas costumam ser mais expressivos a m\u00e9dio e longo prazo.<strong>&nbsp;<\/strong><\/p>\n\n\n\n<div style=\"height:51px\" aria-hidden=\"true\" class=\"wp-block-spacer\"><\/div>\n\n\n\n<h2 class=\"wp-block-heading has-black-color has-text-color has-link-color has-raleway-font-family wp-elements-3c8cf19ca2a2bcdfbb219b2623397280\" style=\"font-size:35px\"><strong>Como saber se o Inbound Marketing serve para minha empresa?<\/strong><\/h2>\n\n\n\n<div style=\"height:21px\" aria-hidden=\"true\" class=\"wp-block-spacer\"><\/div>\n\n\n\n<p class=\"has-black-color has-text-color has-link-color wp-elements-1822b4a919e1a040d0f00737893a3b73\">Para saber se o Inbound Marketing \u00e9 adequado para sua empresa, considere os seguintes pontos:<\/p>\n\n\n\n<ol style=\"font-size:20px\" class=\"wp-block-list has-black-color has-text-color has-link-color wp-elements-feb27d7a5f69c0b814bf3c2c8faa5716\">\n<li><strong>P\u00fablico-alvo<\/strong>: avalie se seu p\u00fablico busca informa\u00e7\u00f5es online antes de tomar decis\u00f5es de compra. e sim, o inbound pode ser eficaz.<\/li>\n\n\n\n<li><strong>Tipo de produto\/servi\u00e7o<\/strong>: Produtos e servi\u00e7os com ciclos de venda mais longos e que exigem educa\u00e7\u00e3o do cliente se beneficiam mais do inbound.<\/li>\n\n\n\n<li><strong>Recursos dispon\u00edveis<\/strong>: verifique se voc\u00ea tem recursos (tempo, equipe e or\u00e7amento) para criar e manter conte\u00fado de qualidade e executar campanhas de inbound. Voc\u00ea tamb\u00e9m pode contar com a <a href=\"https:\/\/talkiemarketing.com.br\/fale-com-a-talkie\/\">Talkie<\/a> para te ajudar na opera\u00e7\u00e3o de toda a estrat\u00e9gia \ud83d\ude42<\/li>\n\n\n\n<li><strong>Objetivos de marketing<\/strong>: se seu objetivo \u00e9 construir relacionamento, gerar leads qualificados e criar autoridade no mercado, o inbound \u00e9 uma boa escolha.<\/li>\n<\/ol>\n\n\n\n<div style=\"height:51px\" aria-hidden=\"true\" class=\"wp-block-spacer\"><\/div>\n\n\n\n<h4 class=\"wp-block-heading has-black-color has-text-color has-link-color has-raleway-font-family wp-elements-0cd3600a6b486b87db5b51671878e748\" style=\"font-size:35px\">Como funciona a Consultoria em Inbound Marketing da Talkie?<\/h4>\n\n\n\n<div style=\"height:21px\" aria-hidden=\"true\" class=\"wp-block-spacer\"><\/div>\n\n\n\n<p class=\"has-black-color has-text-color has-link-color wp-elements-b01a1a144a88b96c9ccd9d9780363ba2\">Nossa equipe de especialistas realiza um estudo completo sobre o seu mercado e personas para elaborar e melhor estrat\u00e9gia. Nosso time cria conte\u00fados envolventes, <strong>otimiza seu SEO e implementa campanhas automatizadas<\/strong> que convertem visitantes em clientes fi\u00e9is. Obtenha resultados mensur\u00e1veis e sustent\u00e1veis, fortalecendo a presen\u00e7a online da sua marca e impulsionando suas vendas. Entre em contato com um de nossos especialistas e saiba mais!<\/p>\n\n\n\n<div style=\"height:88px\" aria-hidden=\"true\" class=\"wp-block-spacer\"><\/div>\n\n\n\n<div class=\"wp-block-jetpack-send-a-message\">\n<div class=\"wp-block-jetpack-whatsapp-button aligncenter is-color-dark\"><a class=\"whatsapp-block__button\" href=\"https:\/\/api.whatsapp.com\/send?phone=5548988601168&amp;text=Oi%2C%20encontrei%20suas%20informa%C3%A7%C3%B5es%20do%20WhatsApp%20no%20seu%20site.\" style=\"background-color:#25D366;color:#fff\" target=\"_self\" rel=\"noopener noreferrer\">Fale com nosso time, clique aqui.<\/a><\/div>\n<\/div>\n\n\n\n<div style=\"height:110px\" aria-hidden=\"true\" class=\"wp-block-spacer\"><\/div>\n","protected":false},"excerpt":{"rendered":"<p>Consultoria em Inbound Marketing.  Mais de 100 projetos realizados. Automa\u00e7\u00e3o de Marketing, Lead Scoring, Landing Pages e muito mais!<\/p>\n","protected":false},"author":2,"featured_media":164,"parent":0,"menu_order":0,"comment_status":"closed","ping_status":"closed","template":"","meta":{"pagelayer_contact_templates":[],"_pagelayer_content":"","footnotes":""},"class_list":["post-161","page","type-page","status-publish","has-post-thumbnail","hentry"],"_links":{"self":[{"href":"https:\/\/talkiemarketing.com.br\/blog\/wp-json\/wp\/v2\/pages\/161","targetHints":{"allow":["GET"]}}],"collection":[{"href":"https:\/\/talkiemarketing.com.br\/blog\/wp-json\/wp\/v2\/pages"}],"about":[{"href":"https:\/\/talkiemarketing.com.br\/blog\/wp-json\/wp\/v2\/types\/page"}],"author":[{"embeddable":true,"href":"https:\/\/talkiemarketing.com.br\/blog\/wp-json\/wp\/v2\/users\/2"}],"replies":[{"embeddable":true,"href":"https:\/\/talkiemarketing.com.br\/blog\/wp-json\/wp\/v2\/comments?post=161"}],"version-history":[{"count":0,"href":"https:\/\/talkiemarketing.com.br\/blog\/wp-json\/wp\/v2\/pages\/161\/revisions"}],"wp:featuredmedia":[{"embeddable":true,"href":"https:\/\/talkiemarketing.com.br\/blog\/wp-json\/"}],"wp:attachment":[{"href":"https:\/\/talkiemarketing.com.br\/blog\/wp-json\/wp\/v2\/media?parent=161"}],"curies":[{"name":"wp","href":"https:\/\/api.w.org\/{rel}","templated":true}]}}