{"id":1522,"date":"2024-07-11T10:39:09","date_gmt":"2024-07-11T13:39:09","guid":{"rendered":"https:\/\/talkiemarketing.com.br\/?page_id=1522"},"modified":"2024-07-11T10:39:09","modified_gmt":"2024-07-11T13:39:09","slug":"consultoria-em-marketing-digital","status":"publish","type":"page","link":"https:\/\/talkiemarketing.com.br\/blog\/consultoria-em-marketing-digital\/","title":{"rendered":"Consultoria em Marketing Digital"},"content":{"rendered":"\n<figure class=\"wp-block-image size-large is-resized\"><img decoding=\"async\" src=\"https:\/\/talkiemarketing.com.br\/wp-content\/uploads\/2024\/07\/3412069.jpg\" alt=\"Consultoria em marketing digital\" class=\"wp-image-1529\" style=\"width:1021px;height:auto\" \/><figcaption class=\"wp-element-caption\"><a href=\"https:\/\/br.freepik.com\/vetores-gratis\/conceito-de-telefone-movel-de-marketing-de-midia-social_6688549.htm#fromView=search&amp;page=1&amp;position=0&amp;uuid=a88b31c2-4a7c-45c7-95ff-1329847c3689\">Imagem de freepik<\/a><\/figcaption><\/figure>\n\n\n\n<h2 class=\"wp-block-heading has-text-align-center has-black-color has-text-color has-link-color wp-elements-72caa8e264176b960a8097230f535af6\">Explore todo o potencial do seu neg\u00f3cio e fature muito mais com o Marketing Digital<\/h2>\n\n\n\n<div style=\"height:80px\" aria-hidden=\"true\" class=\"wp-block-spacer\"><\/div>\n\n\n\n<h2 class=\"wp-block-heading has-black-color has-text-color has-link-color wp-elements-2705edb2ef613d079d9ba25e4bfd6aff\"><strong>O que \u00e9 marketing digital?<\/strong> <\/h2>\n\n\n\n<p class=\"has-black-color has-text-color has-link-color wp-elements-413039730fcf15ff885c3fbf456f7179\"><strong><a href=\"https:\/\/talkiemarketing.com.br\/2024\/07\/04\/guia-marketing-digital-do-zero\/\">Marketing digital <\/a><\/strong>\u00e9 o conjunto de estrat\u00e9gias e a\u00e7\u00f5es realizadas online para promover marcas, produtos e servi\u00e7os. Utiliza canais como redes sociais, e-mail, motores de busca, blogs e sites para alcan\u00e7ar e engajar o p\u00fablico.<\/p>\n\n\n\n<div style=\"height:22px\" aria-hidden=\"true\" class=\"wp-block-spacer\"><\/div>\n\n\n\n<h2 class=\"wp-block-heading has-black-color has-text-color has-link-color wp-elements-423e26234656adb2cbe12863d44493cb\"><strong>Como funciona?<\/strong> <\/h2>\n\n\n\n<p class=\"has-black-color has-text-color has-link-color wp-elements-862976a752fa055df2fc59714cae01cf\">Funciona atrav\u00e9s da cria\u00e7\u00e3o e divulga\u00e7\u00e3o de conte\u00fado relevante, campanhas publicit\u00e1rias, e t\u00e9cnicas de SEO (otimiza\u00e7\u00e3o para motores de busca). <strong>O objetivo \u00e9 atrair, engajar e converter visitantes em clientes<\/strong>, al\u00e9m de fortalecer a presen\u00e7a online da marca.<\/p>\n\n\n\n<div style=\"height:22px\" aria-hidden=\"true\" class=\"wp-block-spacer\"><\/div>\n\n\n\n<h2 class=\"wp-block-heading has-black-color has-text-color has-link-color wp-elements-5e8b7c643313107bd42da1bf7738e441\"><strong>Qual a import\u00e2ncia do marketing digital para as empresas?<\/strong> <\/h2>\n\n\n\n<p class=\"has-black-color has-text-color has-link-color wp-elements-654651d0c586d6bdf8f9c320251feb59\">O <strong>marketing digital<\/strong> \u00e9 crucial porque a maioria das pessoas passa muito tempo online. <strong>Ele permite que as empresas alcancem um p\u00fablico mais amplo<\/strong>, direcionem campanhas para p\u00fablicos espec\u00edficos, acompanhem resultados em tempo real e ajustem estrat\u00e9gias rapidamente. Al\u00e9m disso, \u00e9 uma forma mais acess\u00edvel e mensur\u00e1vel de promover a marca em compara\u00e7\u00e3o ao marketing tradicional.<\/p>\n\n\n\n<div style=\"height:22px\" aria-hidden=\"true\" class=\"wp-block-spacer\"><\/div>\n\n\n\n<h2 class=\"wp-block-heading has-black-color has-text-color has-link-color wp-elements-523434b9ab856bd9907d2abfbc7c55b3\"><strong>Quanto custa fazer marketing digital para minha empresa?<\/strong> <\/h2>\n\n\n\n<p class=\"has-black-color has-text-color has-link-color wp-elements-2c1f305de22e0909c30a3f518fe6f6b5\">O custo pode variar bastante, <strong>dependendo das estrat\u00e9gias adotadas e do tamanho da campanha<\/strong>. Pode ser desde um investimento <strong>inicial baixo<\/strong> para pequenas a\u00e7\u00f5es em redes sociais e SEO, at\u00e9 valores mais elevados para campanhas pagas e produ\u00e7\u00e3o de conte\u00fado de alta qualidade.<strong> \u00c9 importante planejar um or\u00e7amento que atenda \u00e0s necessidades espec\u00edficas do seu neg\u00f3cio.<\/strong><\/p>\n\n\n\n<div style=\"height:22px\" aria-hidden=\"true\" class=\"wp-block-spacer\"><\/div>\n\n\n\n<h2 class=\"wp-block-heading has-black-color has-text-color has-link-color wp-elements-62e2964169b2dbe4f7438a73d4785696\"><strong>Quais as vantagens de contratar uma ag\u00eancia de marketing digital?<\/strong> <\/h2>\n\n\n\n<p class=\"has-black-color has-text-color has-link-color wp-elements-0d3a38b7cf768e34a69f987377da2c47\">Contratar uma ag\u00eancia traz v\u00e1rias vantagens, <strong>como acesso a uma equipe de especialistas<\/strong>,<strong> estrat\u00e9gias personalizadas, economia de tempo e recursos, al\u00e9m de resultados mais eficazes.<\/strong> As ag\u00eancias t\u00eam conhecimento das melhores pr\u00e1ticas e ferramentas, permitindo que sua empresa se destaque no mercado digital de forma mais acelerada.<\/p>\n\n\n\n<div style=\"height:43px\" aria-hidden=\"true\" class=\"wp-block-spacer\"><\/div>\n\n\n\n<h2 class=\"wp-block-heading has-black-color has-text-color has-link-color wp-elements-90b5815aef1185ab995b39a3855f5a1b\"><strong>Transforme sua presen\u00e7a online com a Talkie Comunica\u00e7\u00e3o!<\/strong><\/h2>\n\n\n\n<p class=\"has-black-color has-text-color has-link-color wp-elements-ee3921c00a2103b2574e6b076f480085\">Descubra como o marketing digital <strong>pode revolucionar sua empresa.<\/strong> Nossa equipe de especialistas est\u00e1 pronta para<strong> criar estrat\u00e9gias personalizadas que aumentam sua visibilidade, atraem clientes e impulsionam suas vendas.<\/strong> Invista no futuro do seu neg\u00f3cio com solu\u00e7\u00f5es os nossos servi\u00e7os. <\/p>\n\n\n\n<div style=\"height:44px\" aria-hidden=\"true\" class=\"wp-block-spacer\"><\/div>\n\n\n\n<div class=\"wp-block-jetpack-send-a-message\">\n<div class=\"wp-block-jetpack-whatsapp-button aligncenter is-color-dark\"><a class=\"whatsapp-block__button\" href=\"https:\/\/api.whatsapp.com\/send?phone=5548988601168&amp;text=Oi%2C%20encontrei%20suas%20informa%C3%A7%C3%B5es%20do%20WhatsApp%20no%20seu%20site.\" style=\"background-color:#25D366;color:#fff\" target=\"_self\" rel=\"noopener noreferrer\">Fale com um especialista<\/a><\/div>\n<\/div>\n\n\n\n<div style=\"height:61px\" aria-hidden=\"true\" class=\"wp-block-spacer\"><\/div>\n","protected":false},"excerpt":{"rendered":"<p>Precisa de uma consultoria em marketing digital? Explore todo o potencial do seu neg\u00f3cio e venda muito mais! Fale com nosso time. <\/p>\n","protected":false},"author":2,"featured_media":1529,"parent":0,"menu_order":0,"comment_status":"closed","ping_status":"closed","template":"","meta":{"pagelayer_contact_templates":[],"_pagelayer_content":"","footnotes":""},"class_list":["post-1522","page","type-page","status-publish","has-post-thumbnail","hentry"],"_links":{"self":[{"href":"https:\/\/talkiemarketing.com.br\/blog\/wp-json\/wp\/v2\/pages\/1522","targetHints":{"allow":["GET"]}}],"collection":[{"href":"https:\/\/talkiemarketing.com.br\/blog\/wp-json\/wp\/v2\/pages"}],"about":[{"href":"https:\/\/talkiemarketing.com.br\/blog\/wp-json\/wp\/v2\/types\/page"}],"author":[{"embeddable":true,"href":"https:\/\/talkiemarketing.com.br\/blog\/wp-json\/wp\/v2\/users\/2"}],"replies":[{"embeddable":true,"href":"https:\/\/talkiemarketing.com.br\/blog\/wp-json\/wp\/v2\/comments?post=1522"}],"version-history":[{"count":0,"href":"https:\/\/talkiemarketing.com.br\/blog\/wp-json\/wp\/v2\/pages\/1522\/revisions"}],"wp:featuredmedia":[{"embeddable":true,"href":"https:\/\/talkiemarketing.com.br\/blog\/wp-json\/"}],"wp:attachment":[{"href":"https:\/\/talkiemarketing.com.br\/blog\/wp-json\/wp\/v2\/media?parent=1522"}],"curies":[{"name":"wp","href":"https:\/\/api.w.org\/{rel}","templated":true}]}}